{"id":17617,"date":"2022-04-04T13:55:39","date_gmt":"2022-04-04T12:55:39","guid":{"rendered":"https:\/\/www.lenchantuitvaart.be\/?page_id=17617"},"modified":"2025-12-19T13:09:00","modified_gmt":"2025-12-19T12:09:00","slug":"vervoer-en-repatriering-lenchant-sereni","status":"publish","type":"page","link":"https:\/\/www.lenchantuitvaart.be\/nl\/onze-diensten-lenchant-sereni\/vervoer-en-repatriering-lenchant-sereni\/","title":{"rendered":"Vervoer &amp; Repatri\u00ebring"},"content":{"rendered":"\n<p class=\"normal\">Uitvaartcentrum Lenchant voorziet in vervoer &amp; repatri\u00ebring. Wij beschikken over lijkwagens en ceremoniewagens.<\/p>\n\n\n\n<div id=\"block-main-banner-block_abd5b4b194577fea8ab7930a1e366bb8\" class=\"block-main-banner\">\n    <div class=\"container\">\n        <div class=\"banner-wrap layout2 content_left content_bottom\">\n            <div class=\"banner-image\">\n                                                            <img loading=\"lazy\" decoding=\"async\" width=\"1440\" height=\"960\" src=\"https:\/\/www.touche.be\/app\/uploads\/sites\/46\/2023\/12\/CORBEAR-e1701781797654-1440x960.jpg\" class=\"attachment-full-stretched size-full-stretched\" alt=\"Vervoer &amp; Repatri\u00ebring\" srcset=\"https:\/\/www.touche.be\/app\/uploads\/sites\/46\/2023\/12\/CORBEAR-e1701781797654-1440x960.jpg 1440w, https:\/\/www.touche.be\/app\/uploads\/sites\/46\/2023\/12\/CORBEAR-e1701781797654-300x200.jpg 300w, https:\/\/www.touche.be\/app\/uploads\/sites\/46\/2023\/12\/CORBEAR-e1701781797654-1024x682.jpg 1024w, https:\/\/www.touche.be\/app\/uploads\/sites\/46\/2023\/12\/CORBEAR-e1701781797654-768x512.jpg 768w, https:\/\/www.touche.be\/app\/uploads\/sites\/46\/2023\/12\/CORBEAR-e1701781797654-1536x1024.jpg 1536w, https:\/\/www.touche.be\/app\/uploads\/sites\/46\/2023\/12\/CORBEAR-e1701781797654-450x300.jpg 450w, https:\/\/www.touche.be\/app\/uploads\/sites\/46\/2023\/12\/CORBEAR-e1701781797654-1300x866.jpg 1300w, https:\/\/www.touche.be\/app\/uploads\/sites\/46\/2023\/12\/CORBEAR-e1701781797654-600x400.jpg 600w, https:\/\/www.touche.be\/app\/uploads\/sites\/46\/2023\/12\/CORBEAR-e1701781797654.jpg 1772w\" sizes=\"auto, (max-width: 1440px) 100vw, 1440px\" title=\"Vervoer &amp; Repatri\u00ebring\" \/>                                                <\/div>\n\n                            <div class=\"banner-content\">\n                    <div class=\"inner\">\n                        <h2>Ceremoni\u00eble Lijkwagens<\/h2>\n<p>Een ceremoni\u00eble lijkwagen gebruiken we om de overledene na het heengaan te transporteren naar plaatsen zoals het crematorium, rouwcentrum of begraafplaats. Als <a href=\"https:\/\/www.sereni.be\/menu\/nl\/uitvaart-regelen\">begrafenisondernemer<\/a> is het dankzij de lijkwagen mogelijk om de laatste rit van een dierbare op een serene, ergonomische en respectvolle manier te laten verlopen.<\/p>\n<p><a class=\"btn btn-primary\" href=\"https:\/\/www.lenchantuitvaart.be\/nl\/contact\/\">Contacteer ons<\/a><\/p>\n                    <\/div>\n                <\/div>\n                    <\/div>\n    <\/div>\n<\/div>\n\n\n\n<div id=\"block-main-banner-block_dc013feaeff49cd2798b23b2492d08d3\" class=\"block-main-banner\">\n    <div class=\"container\">\n        <div class=\"banner-wrap layout2 content_right content_top\">\n            <div class=\"banner-image\">\n                                                            <img loading=\"lazy\" decoding=\"async\" width=\"944\" height=\"629\" src=\"https:\/\/www.touche.be\/app\/uploads\/sites\/46\/2025\/12\/Vervoer-Repatriering-Respectvolle-organisatie-van-internationale-repatrieringen.jpg\" class=\"attachment-full-stretched size-full-stretched\" alt=\"Vervoer &amp; Repatri\u00ebring\" srcset=\"https:\/\/www.touche.be\/app\/uploads\/sites\/46\/2025\/12\/Vervoer-Repatriering-Respectvolle-organisatie-van-internationale-repatrieringen.jpg 944w, https:\/\/www.touche.be\/app\/uploads\/sites\/46\/2025\/12\/Vervoer-Repatriering-Respectvolle-organisatie-van-internationale-repatrieringen-300x200.jpg 300w, https:\/\/www.touche.be\/app\/uploads\/sites\/46\/2025\/12\/Vervoer-Repatriering-Respectvolle-organisatie-van-internationale-repatrieringen-768x512.jpg 768w, https:\/\/www.touche.be\/app\/uploads\/sites\/46\/2025\/12\/Vervoer-Repatriering-Respectvolle-organisatie-van-internationale-repatrieringen-450x300.jpg 450w\" sizes=\"auto, (max-width: 944px) 100vw, 944px\" title=\"Vervoer &amp; Repatri\u00ebring\" \/>                                                <\/div>\n\n                            <div class=\"banner-content\">\n                    <div class=\"inner\">\n                        <h2>Repatri\u00ebring vanuit het buitenland<\/h2>\n<p>Bij een overlijden in het buitenland heeft u de keuze om de overleden persoon in het land van overlijden te laten begraven, cremeren of de overledene te vervoeren en repatri\u00ebren. Dat laatste kan echter een zeer grote kost met zich meebrengen. Bepaalde (uitvaart)verzekeringen bieden hiervoor een extra dienst aan maar meestal wordt daarvoor een limietbedrag voor ingeschreven.<\/p>\n<p>Het lichaam van de overledene mag enkel getransporteerd worden naar Belgi\u00eb indien de plaatselijke overheden hiervoor de toelating heeft gegeven. Voor luchttransport moet de overledene en de manier waarop hij wordt overgebracht aan strenge internationale voorwaarden voldoen. Deze voorwaarden zijn voor elk land anders.<\/p>\n<p><a class=\"btn btn-primary\" href=\"https:\/\/www.lenchantuitvaart.be\/nl\/contact\/\">Contacteer ons<\/a><\/p>\n                    <\/div>\n                <\/div>\n                    <\/div>\n    <\/div>\n<\/div>\n\n\n<div id=\"block-variable-content-list-block_4b540135cd0be5630de291d412bbaf59\" class=\"block-variable-content-list default\">\n    <div class=\"container\">\n        <div class=\"widget-wrap per_row_2\">\n                        <div class=\"block-content\">\n                                                                                    <div class=\"element\">\n                                                            \n                                                                    <div class=\"image-wrap\">\n                                                                                    <img loading=\"lazy\" decoding=\"async\" width=\"944\" height=\"629\" src=\"https:\/\/www.touche.be\/app\/uploads\/sites\/46\/2025\/12\/Rouwdrukwerk-Wij-verzorgen-gepersonaliseerd-en-uniek-drukwerk.-1.jpg\" class=\"attachment-large size-large\" alt=\"Vervoer &amp; Repatri\u00ebring\" srcset=\"https:\/\/www.touche.be\/app\/uploads\/sites\/46\/2025\/12\/Rouwdrukwerk-Wij-verzorgen-gepersonaliseerd-en-uniek-drukwerk.-1.jpg 944w, https:\/\/www.touche.be\/app\/uploads\/sites\/46\/2025\/12\/Rouwdrukwerk-Wij-verzorgen-gepersonaliseerd-en-uniek-drukwerk.-1-300x200.jpg 300w, https:\/\/www.touche.be\/app\/uploads\/sites\/46\/2025\/12\/Rouwdrukwerk-Wij-verzorgen-gepersonaliseerd-en-uniek-drukwerk.-1-768x512.jpg 768w, https:\/\/www.touche.be\/app\/uploads\/sites\/46\/2025\/12\/Rouwdrukwerk-Wij-verzorgen-gepersonaliseerd-en-uniek-drukwerk.-1-450x300.jpg 450w\" sizes=\"auto, (max-width: 944px) 100vw, 944px\" title=\"Vervoer &amp; Repatri\u00ebring\" \/>                                                                            <\/div>\n                                \n                                                                    <div class=\"content-wrap\">\n                                        <h4>Rouwdrukwerk<\/h4>\n<p>Wij verzorgen gepersonaliseerd en uniek drukwerk.<\/p>\n<p><a class=\"btn btn-primary\" href=\"https:\/\/www.lenchantuitvaart.be\/nl\/onze-diensten-lenchant-sereni\/rouwdrukwerk-lenchant-sereni\/\">Meer info<\/a><\/p>\n                                    <\/div>\n                                                                                    <\/div>\n                                                                    <div class=\"element\">\n                                                            \n                                                                    <div class=\"image-wrap\">\n                                                                                    <img loading=\"lazy\" decoding=\"async\" width=\"944\" height=\"629\" src=\"https:\/\/www.touche.be\/app\/uploads\/sites\/46\/2025\/12\/Administratieve-psychische-steun-We-begeleiden-u-voor-tijdens-en-na-de-uitvaart.jpg\" class=\"attachment-large size-large\" alt=\"Vervoer &amp; Repatri\u00ebring\" srcset=\"https:\/\/www.touche.be\/app\/uploads\/sites\/46\/2025\/12\/Administratieve-psychische-steun-We-begeleiden-u-voor-tijdens-en-na-de-uitvaart.jpg 944w, https:\/\/www.touche.be\/app\/uploads\/sites\/46\/2025\/12\/Administratieve-psychische-steun-We-begeleiden-u-voor-tijdens-en-na-de-uitvaart-300x200.jpg 300w, https:\/\/www.touche.be\/app\/uploads\/sites\/46\/2025\/12\/Administratieve-psychische-steun-We-begeleiden-u-voor-tijdens-en-na-de-uitvaart-768x512.jpg 768w, https:\/\/www.touche.be\/app\/uploads\/sites\/46\/2025\/12\/Administratieve-psychische-steun-We-begeleiden-u-voor-tijdens-en-na-de-uitvaart-450x300.jpg 450w\" sizes=\"auto, (max-width: 944px) 100vw, 944px\" title=\"Vervoer &amp; Repatri\u00ebring\" \/>                                                                            <\/div>\n                                \n                                                                    <div class=\"content-wrap\">\n                                        <h4>Admin. &amp; psychische steun<\/h4>\n<p>We begeleiden u voor, tijdens en na de uitvaart.<\/p>\n<p><a class=\"btn btn-primary\" href=\"https:\/\/www.lenchantuitvaart.be\/nl\/onze-diensten-lenchant-sereni\/administratieve-bijstand-lenchant-sereni\/\">Meer info<\/a><\/p>\n                                    <\/div>\n                                                                                    <\/div>\n                                                <\/div>\n        <\/div>\n    <\/div>\n<\/div>\n","protected":false},"excerpt":{"rendered":"<p>Uitvaartcentrum Lenchant voorziet in vervoer &amp; repatri\u00ebring. Wij beschikken over lijkwagens en ceremoniewagens.<\/p>\n","protected":false},"author":1,"featured_media":0,"parent":17660,"menu_order":6,"comment_status":"closed","ping_status":"closed","template":"","meta":{"_acf_changed":false,"footnotes":""},"class_list":["post-17617","page","type-page","status-publish","hentry"],"acf":[],"yoast_head":"<!-- This site is optimized with the Yoast SEO plugin v25.8 - https:\/\/yoast.com\/wordpress\/plugins\/seo\/ -->\n<title>Vervoer &amp; repatri\u00ebring Lenchant I Sereni<\/title>\n<meta name=\"description\" content=\"Uitvaarten Andr\u00e9 Lenchant voorziet in vervoer en repatri\u00ebring. Wij beschikken over lijkwagens en ceremoniewagens. Lees hier alle informatie.\" \/>\n<meta name=\"robots\" content=\"index, follow, max-snippet:-1, max-image-preview:large, max-video-preview:-1\" \/>\n<link rel=\"canonical\" href=\"https:\/\/www.lenchantuitvaart.be\/nl\/onze-diensten-lenchant-sereni\/vervoer-en-repatriering-lenchant-sereni\/\" \/>\n<meta property=\"og:locale\" content=\"nl_NL\" \/>\n<meta property=\"og:type\" content=\"article\" \/>\n<meta property=\"og:title\" content=\"Vervoer &amp; repatri\u00ebring Lenchant I Sereni\" \/>\n<meta property=\"og:description\" content=\"Uitvaarten Andr\u00e9 Lenchant voorziet in vervoer en repatri\u00ebring. Wij beschikken over lijkwagens en ceremoniewagens. Lees hier alle informatie.\" \/>\n<meta property=\"og:url\" content=\"https:\/\/www.lenchantuitvaart.be\/nl\/onze-diensten-lenchant-sereni\/vervoer-en-repatriering-lenchant-sereni\/\" \/>\n<meta property=\"og:site_name\" content=\"Lenchant\" \/>\n<meta property=\"article:modified_time\" content=\"2025-12-19T12:09:00+00:00\" \/>\n<meta property=\"og:image\" content=\"https:\/\/www.touche.be\/app\/uploads\/sites\/46\/2025\/05\/Social-image-Lenchant-9.jpg\" \/>\n\t<meta property=\"og:image:width\" content=\"1800\" \/>\n\t<meta property=\"og:image:height\" content=\"628\" \/>\n\t<meta property=\"og:image:type\" content=\"image\/jpeg\" \/>\n<meta name=\"twitter:card\" content=\"summary_large_image\" \/>\n<meta name=\"twitter:label1\" content=\"Est. reading time\" \/>\n\t<meta name=\"twitter:data1\" content=\"2 minutes\" \/>\n<script type=\"application\/ld+json\" class=\"yoast-schema-graph\">{\"@context\":\"https:\/\/schema.org\",\"@graph\":[{\"@type\":\"WebPage\",\"@id\":\"https:\/\/www.lenchantuitvaart.be\/nl\/onze-diensten-lenchant-sereni\/vervoer-en-repatriering-lenchant-sereni\/\",\"url\":\"https:\/\/www.lenchantuitvaart.be\/nl\/onze-diensten-lenchant-sereni\/vervoer-en-repatriering-lenchant-sereni\/\",\"name\":\"Vervoer & repatri\u00ebring Lenchant I Sereni\",\"isPartOf\":{\"@id\":\"https:\/\/www.lenchantuitvaart.be\/nl\/#website\"},\"datePublished\":\"2022-04-04T12:55:39+00:00\",\"dateModified\":\"2025-12-19T12:09:00+00:00\",\"description\":\"Uitvaarten Andr\u00e9 Lenchant voorziet in vervoer en repatri\u00ebring. Wij beschikken over lijkwagens en ceremoniewagens. Lees hier alle informatie.\",\"breadcrumb\":{\"@id\":\"https:\/\/www.lenchantuitvaart.be\/nl\/onze-diensten-lenchant-sereni\/vervoer-en-repatriering-lenchant-sereni\/#breadcrumb\"},\"inLanguage\":\"nl-NL\",\"potentialAction\":[{\"@type\":\"ReadAction\",\"target\":[\"https:\/\/www.lenchantuitvaart.be\/nl\/onze-diensten-lenchant-sereni\/vervoer-en-repatriering-lenchant-sereni\/\"]}]},{\"@type\":\"BreadcrumbList\",\"@id\":\"https:\/\/www.lenchantuitvaart.be\/nl\/onze-diensten-lenchant-sereni\/vervoer-en-repatriering-lenchant-sereni\/#breadcrumb\",\"itemListElement\":[{\"@type\":\"ListItem\",\"position\":1,\"name\":\"Onze diensten\",\"item\":\"https:\/\/www.lenchantuitvaart.be\/nl\/onze-diensten-lenchant-sereni\/\"},{\"@type\":\"ListItem\",\"position\":2,\"name\":\"Vervoer &amp; Repatri\u00ebring\"}]},{\"@type\":\"WebSite\",\"@id\":\"https:\/\/www.lenchantuitvaart.be\/nl\/#website\",\"url\":\"https:\/\/www.lenchantuitvaart.be\/nl\/\",\"name\":\"Lenchant\",\"description\":\"Just another Sereni site\",\"potentialAction\":[{\"@type\":\"SearchAction\",\"target\":{\"@type\":\"EntryPoint\",\"urlTemplate\":\"https:\/\/www.lenchantuitvaart.be\/nl\/?s={search_term_string}\"},\"query-input\":{\"@type\":\"PropertyValueSpecification\",\"valueRequired\":true,\"valueName\":\"search_term_string\"}}],\"inLanguage\":\"nl-NL\"}]}<\/script>\n<!-- \/ Yoast SEO plugin. -->","yoast_head_json":{"title":"Vervoer & repatri\u00ebring Lenchant I Sereni","description":"Uitvaarten Andr\u00e9 Lenchant voorziet in vervoer en repatri\u00ebring. Wij beschikken over lijkwagens en ceremoniewagens. Lees hier alle informatie.","robots":{"index":"index","follow":"follow","max-snippet":"max-snippet:-1","max-image-preview":"max-image-preview:large","max-video-preview":"max-video-preview:-1"},"canonical":"https:\/\/www.lenchantuitvaart.be\/nl\/onze-diensten-lenchant-sereni\/vervoer-en-repatriering-lenchant-sereni\/","og_locale":"nl_NL","og_type":"article","og_title":"Vervoer & repatri\u00ebring Lenchant I Sereni","og_description":"Uitvaarten Andr\u00e9 Lenchant voorziet in vervoer en repatri\u00ebring. Wij beschikken over lijkwagens en ceremoniewagens. Lees hier alle informatie.","og_url":"https:\/\/www.lenchantuitvaart.be\/nl\/onze-diensten-lenchant-sereni\/vervoer-en-repatriering-lenchant-sereni\/","og_site_name":"Lenchant","article_modified_time":"2025-12-19T12:09:00+00:00","og_image":[{"width":1800,"height":628,"url":"https:\/\/www.touche.be\/app\/uploads\/sites\/46\/2025\/05\/Social-image-Lenchant-9.jpg","type":"image\/jpeg"}],"twitter_card":"summary_large_image","twitter_misc":{"Est. reading time":"2 minutes"},"schema":{"@context":"https:\/\/schema.org","@graph":[{"@type":"WebPage","@id":"https:\/\/www.lenchantuitvaart.be\/nl\/onze-diensten-lenchant-sereni\/vervoer-en-repatriering-lenchant-sereni\/","url":"https:\/\/www.lenchantuitvaart.be\/nl\/onze-diensten-lenchant-sereni\/vervoer-en-repatriering-lenchant-sereni\/","name":"Vervoer & repatri\u00ebring Lenchant I Sereni","isPartOf":{"@id":"https:\/\/www.lenchantuitvaart.be\/nl\/#website"},"datePublished":"2022-04-04T12:55:39+00:00","dateModified":"2025-12-19T12:09:00+00:00","description":"Uitvaarten Andr\u00e9 Lenchant voorziet in vervoer en repatri\u00ebring. Wij beschikken over lijkwagens en ceremoniewagens. Lees hier alle informatie.","breadcrumb":{"@id":"https:\/\/www.lenchantuitvaart.be\/nl\/onze-diensten-lenchant-sereni\/vervoer-en-repatriering-lenchant-sereni\/#breadcrumb"},"inLanguage":"nl-NL","potentialAction":[{"@type":"ReadAction","target":["https:\/\/www.lenchantuitvaart.be\/nl\/onze-diensten-lenchant-sereni\/vervoer-en-repatriering-lenchant-sereni\/"]}]},{"@type":"BreadcrumbList","@id":"https:\/\/www.lenchantuitvaart.be\/nl\/onze-diensten-lenchant-sereni\/vervoer-en-repatriering-lenchant-sereni\/#breadcrumb","itemListElement":[{"@type":"ListItem","position":1,"name":"Onze diensten","item":"https:\/\/www.lenchantuitvaart.be\/nl\/onze-diensten-lenchant-sereni\/"},{"@type":"ListItem","position":2,"name":"Vervoer &amp; Repatri\u00ebring"}]},{"@type":"WebSite","@id":"https:\/\/www.lenchantuitvaart.be\/nl\/#website","url":"https:\/\/www.lenchantuitvaart.be\/nl\/","name":"Lenchant","description":"Just another Sereni site","potentialAction":[{"@type":"SearchAction","target":{"@type":"EntryPoint","urlTemplate":"https:\/\/www.lenchantuitvaart.be\/nl\/?s={search_term_string}"},"query-input":{"@type":"PropertyValueSpecification","valueRequired":true,"valueName":"search_term_string"}}],"inLanguage":"nl-NL"}]}},"_links":{"self":[{"href":"https:\/\/www.lenchantuitvaart.be\/nl\/wp-json\/wp\/v2\/pages\/17617","targetHints":{"allow":["GET"]}}],"collection":[{"href":"https:\/\/www.lenchantuitvaart.be\/nl\/wp-json\/wp\/v2\/pages"}],"about":[{"href":"https:\/\/www.lenchantuitvaart.be\/nl\/wp-json\/wp\/v2\/types\/page"}],"author":[{"embeddable":true,"href":"https:\/\/www.lenchantuitvaart.be\/nl\/wp-json\/wp\/v2\/users\/1"}],"replies":[{"embeddable":true,"href":"https:\/\/www.lenchantuitvaart.be\/nl\/wp-json\/wp\/v2\/comments?post=17617"}],"version-history":[{"count":3,"href":"https:\/\/www.lenchantuitvaart.be\/nl\/wp-json\/wp\/v2\/pages\/17617\/revisions"}],"predecessor-version":[{"id":49237,"href":"https:\/\/www.lenchantuitvaart.be\/nl\/wp-json\/wp\/v2\/pages\/17617\/revisions\/49237"}],"up":[{"embeddable":true,"href":"https:\/\/www.lenchantuitvaart.be\/nl\/wp-json\/wp\/v2\/pages\/17660"}],"wp:attachment":[{"href":"https:\/\/www.lenchantuitvaart.be\/nl\/wp-json\/wp\/v2\/media?parent=17617"}],"curies":[{"name":"wp","href":"https:\/\/api.w.org\/{rel}","templated":true}]}}